{"id":130,"date":"2024-05-27T09:30:52","date_gmt":"2024-05-27T13:30:52","guid":{"rendered":"https:\/\/1995251.cpsw-fcsei.com\/TurboTune_Auto_Works\/?page_id=130"},"modified":"2024-06-09T20:00:10","modified_gmt":"2024-06-10T00:00:10","slug":"a-propos","status":"publish","type":"page","link":"https:\/\/1995251.cpsw-fcsei.com\/TurboTune_Auto_Works\/a-propos\/","title":{"rendered":"\u00c0 propos"},"content":{"rendered":"\n<div class=\"wp-block-cover alignfull wp-duotone-rgb000-rgb25400-1\" style=\"margin-top:0;padding-top:5vw;padding-right:5vw;padding-bottom:5vw;padding-left:5vw\"><span aria-hidden=\"true\" class=\"wp-block-cover__background has-custom-color-4-background-color has-background-dim-60 has-background-dim\"><\/span><img loading=\"lazy\" decoding=\"async\" width=\"1024\" height=\"639\" class=\"wp-block-cover__image-background wp-image-359\" alt=\"\" src=\"https:\/\/1995251.cpsw-fcsei.com\/TurboTune_Auto_Works\/wp-content\/uploads\/2024\/06\/387629_Bugatti.jpg\" style=\"object-position:50% 37%\" data-object-fit=\"cover\" data-object-position=\"50% 37%\" srcset=\"https:\/\/1995251.cpsw-fcsei.com\/TurboTune_Auto_Works\/wp-content\/uploads\/2024\/06\/387629_Bugatti.jpg 1024w, https:\/\/1995251.cpsw-fcsei.com\/TurboTune_Auto_Works\/wp-content\/uploads\/2024\/06\/387629_Bugatti-300x187.jpg 300w, https:\/\/1995251.cpsw-fcsei.com\/TurboTune_Auto_Works\/wp-content\/uploads\/2024\/06\/387629_Bugatti-768x479.jpg 768w\" sizes=\"auto, (max-width: 1024px) 100vw, 1024px\" \/><div class=\"wp-block-cover__inner-container is-layout-flow wp-block-cover-is-layout-flow\">\n<div style=\"height:48px\" aria-hidden=\"true\" class=\"wp-block-spacer\"><\/div>\n\n\n\n<div class=\"wp-block-group is-vertical is-content-justification-center is-nowrap is-layout-flex wp-container-core-group-is-layout-b77dfac5 wp-block-group-is-layout-flex\">\n<p class=\"has-text-align-right has-text-color\" style=\"color:#ababab;font-size:clamp(67.975px, 4.248rem + ((1vw - 3.2px) * 8.336), 148px);font-style:normal;font-weight:300;letter-spacing:-4px;line-height:0.8;text-transform:uppercase\">About us<\/p>\n<\/div>\n\n\n\n<div style=\"height:48px\" aria-hidden=\"true\" class=\"wp-block-spacer\"><\/div>\n\n\n\n<div class=\"wp-block-buttons is-content-justification-center is-layout-flex wp-container-core-buttons-is-layout-a89b3969 wp-block-buttons-is-layout-flex\">\n<div class=\"wp-block-button\"><a class=\"wp-block-button__link has-custom-color-5-color has-custom-color-4-background-color has-text-color has-background has-link-color has-border-color has-custom-color-2-border-color wp-element-button\" href=\"https:\/\/1995251.cpsw-fcsei.com\/TurboTune_Auto_Works\/\">Accueil<\/a><\/div>\n\n\n\n<div class=\"wp-block-button is-style-fill\"><a class=\"wp-block-button__link has-custom-color-5-color has-custom-color-4-background-color has-text-color has-background has-link-color has-border-color has-custom-color-2-border-color wp-element-button\" href=\"https:\/\/1995251.cpsw-fcsei.com\/TurboTune_Auto_Works\/a-propos\/#infolettre\">Infolettre<\/a><\/div>\n<\/div>\n<\/div><\/div>\n\n\n\n<div class=\"wp-block-group alignfull has-custom-color-4-background-color has-background has-global-padding is-layout-constrained wp-container-core-group-is-layout-9c5f7f36 wp-block-group-is-layout-constrained\" style=\"margin-top:0;margin-bottom:0;padding-top:var(--wp--preset--spacing--20);padding-right:var(--wp--preset--spacing--60);padding-bottom:var(--wp--preset--spacing--50);padding-left:var(--wp--preset--spacing--60)\">\n<h2 class=\"wp-block-heading has-text-align-center\">Notre mission<\/h2>\n\n\n\n<div class=\"wp-block-cover alignwide wp-duotone-rgb656565-rgb255255255-2\"><span aria-hidden=\"true\" class=\"wp-block-cover__background has-custom-color-4-background-color has-background-dim-60 has-background-dim\"><\/span><img loading=\"lazy\" decoding=\"async\" width=\"1600\" height=\"900\" class=\"wp-block-cover__image-background wp-image-238\" alt=\"\" src=\"https:\/\/1995251.cpsw-fcsei.com\/TurboTune_Auto_Works\/wp-content\/uploads\/2024\/06\/garage-1.jpg\" data-object-fit=\"cover\"\/><div class=\"wp-block-cover__inner-container has-global-padding is-layout-constrained wp-block-cover-is-layout-constrained\">\n<div class=\"wp-block-group has-background has-global-padding is-content-justification-center is-layout-constrained wp-container-core-group-is-layout-0775cd62 wp-block-group-is-layout-constrained\" style=\"border-radius:20px;background-color:#17171770;padding-top:var(--wp--preset--spacing--30);padding-right:var(--wp--preset--spacing--20);padding-bottom:var(--wp--preset--spacing--30);padding-left:var(--wp--preset--spacing--20)\">\n<p class=\"has-text-align-center\" style=\"font-size:clamp(1.039rem, 1.039rem + ((1vw - 0.2rem) * 0.935), 1.6rem);\">Cette \u00e9quipe de m\u00e9caniciens passionn\u00e9s travaille avec pr\u00e9cision et ing\u00e9niosit\u00e9 pour transformer des voitures ordinaires en machines extraordinaires, repoussant les limites de la performance automobile.<\/p>\n<\/div>\n<\/div><\/div>\n<\/div>\n\n\n\n<hr class=\"wp-block-separator alignwide has-text-color has-custom-color-1-color has-alpha-channel-opacity has-custom-color-1-background-color has-background is-style-default\" style=\"margin-top:0;margin-bottom:0\"\/>\n\n\n\n<div class=\"wp-block-group alignfull has-custom-color-4-background-color has-background has-global-padding is-layout-constrained wp-container-core-group-is-layout-7161298f wp-block-group-is-layout-constrained\" style=\"margin-top:0;margin-bottom:0;padding-top:var(--wp--preset--spacing--50);padding-right:var(--wp--preset--spacing--50);padding-bottom:var(--wp--preset--spacing--50);padding-left:var(--wp--preset--spacing--50)\">\n<div class=\"wp-block-group is-vertical is-content-justification-center is-layout-flex wp-container-core-group-is-layout-ce155fab wp-block-group-is-layout-flex\">\n<h2 class=\"wp-block-heading has-text-align-center has-xx-large-font-size\">D\u00e9couvrez la FAMILIA<\/h2>\n\n\n\n<p class=\"has-text-align-center\">Nos employ\u00e9s d\u00e9vou\u00e9s incarnent l&#8217;excellence, l&#8217;innovation et la passion automobile.<\/p>\n<\/div>\n\n\n\n<div style=\"height:var(--wp--preset--spacing--30)\" aria-hidden=\"true\" class=\"wp-block-spacer\"><\/div>\n\n\n\n<div class=\"wp-block-columns alignwide is-layout-flex wp-container-core-columns-is-layout-4935966c wp-block-columns-is-layout-flex\" style=\"padding-right:0;padding-left:0\">\n<div class=\"wp-block-column familia is-layout-flow wp-block-column-is-layout-flow\">\n<figure class=\"wp-block-image size-full is-style-rounded is-style-rounded--3\"><img loading=\"lazy\" decoding=\"async\" width=\"540\" height=\"964\" src=\"https:\/\/1995251.cpsw-fcsei.com\/TurboTune_Auto_Works\/wp-content\/uploads\/2024\/06\/vin-diesel.jpg\" alt=\"\" class=\"wp-image-183\" style=\"aspect-ratio:1;object-fit:cover\"\/><\/figure>\n\n\n\n<div class=\"wp-block-group is-vertical is-content-justification-center is-nowrap is-layout-flex wp-container-core-group-is-layout-21d4e958 wp-block-group-is-layout-flex\">\n<p class=\"has-text-align-center has-small-font-size\"><strong>Vin Ethanol<\/strong><\/p>\n\n\n\n<p class=\"has-text-align-center has-small-font-size\">Fondateur <\/p>\n<\/div>\n<\/div>\n\n\n\n<div class=\"wp-block-column familia is-layout-flow wp-block-column-is-layout-flow\">\n<figure class=\"wp-block-image size-full is-style-rounded is-style-rounded--4\"><img loading=\"lazy\" decoding=\"async\" width=\"992\" height=\"1178\" src=\"https:\/\/1995251.cpsw-fcsei.com\/TurboTune_Auto_Works\/wp-content\/uploads\/2024\/05\/Paul-Runner.jpg\" alt=\"\" class=\"wp-image-136\" style=\"aspect-ratio:1;object-fit:cover\"\/><\/figure>\n\n\n\n<div class=\"wp-block-group is-vertical is-content-justification-center is-nowrap is-layout-flex wp-container-core-group-is-layout-63bfd6c1 wp-block-group-is-layout-flex\">\n<p class=\"has-text-align-center has-small-font-size\"><strong>Paul Runner<\/strong><\/p>\n\n\n\n<p class=\"has-text-align-center has-small-font-size\">Co-fondateur<\/p>\n<\/div>\n<\/div>\n\n\n\n<div class=\"wp-block-column familia is-layout-flow wp-block-column-is-layout-flow\">\n<figure class=\"wp-block-image size-full is-style-rounded is-style-rounded--5\"><img loading=\"lazy\" decoding=\"async\" width=\"980\" height=\"1080\" src=\"https:\/\/1995251.cpsw-fcsei.com\/TurboTune_Auto_Works\/wp-content\/uploads\/2024\/06\/Susuki.jpeg\" alt=\"\" class=\"wp-image-184\" style=\"aspect-ratio:1;object-fit:cover\"\/><\/figure>\n\n\n\n<div class=\"wp-block-group is-vertical is-content-justification-center is-nowrap is-layout-flex wp-container-core-group-is-layout-63bfd6c1 wp-block-group-is-layout-flex\">\n<p class=\"has-text-align-center has-small-font-size\"><strong>Susuki<\/strong><\/p>\n\n\n\n<p class=\"has-text-align-center has-small-font-size\">M\u00e9canicienne en Chef<\/p>\n<\/div>\n<\/div>\n\n\n\n<div class=\"wp-block-column familia is-layout-flow wp-block-column-is-layout-flow\">\n<figure class=\"wp-block-image size-full is-style-rounded is-style-rounded--6\"><img loading=\"lazy\" decoding=\"async\" width=\"353\" height=\"220\" src=\"https:\/\/1995251.cpsw-fcsei.com\/TurboTune_Auto_Works\/wp-content\/uploads\/2024\/06\/John-Seenot.jpg\" alt=\"\" class=\"wp-image-185\" style=\"aspect-ratio:1;object-fit:cover\"\/><\/figure>\n\n\n\n<div class=\"wp-block-group is-vertical is-content-justification-center is-nowrap is-layout-flex wp-container-core-group-is-layout-21d4e958 wp-block-group-is-layout-flex\">\n<p class=\"has-text-align-center has-small-font-size\"><strong>John Seenot<\/strong><\/p>\n\n\n\n<p class=\"has-text-align-center has-small-font-size\">L&#8217;employ\u00e9 qu&#8217;on voit jamais<\/p>\n<\/div>\n<\/div>\n<\/div>\n<\/div>\n\n\n\n<div class=\"wp-block-group alignfull has-global-padding is-layout-constrained wp-block-group-is-layout-constrained\" id=\"infolettre\" style=\"margin-top:0;margin-bottom:0\">\n<div class=\"wp-block-cover alignfull\" style=\"margin-top:0;margin-bottom:0\" id=\"infolettre\"><span aria-hidden=\"true\" class=\"wp-block-cover__background has-background-dim\" style=\"background-color:#522726\"><\/span><img loading=\"lazy\" decoding=\"async\" width=\"626\" height=\"626\" class=\"wp-block-cover__image-background wp-image-255\" alt=\"\" src=\"https:\/\/1995251.cpsw-fcsei.com\/TurboTune_Auto_Works\/wp-content\/uploads\/2024\/06\/infolettre.jpg\" style=\"object-position:35% 62%\" data-object-fit=\"cover\" data-object-position=\"35% 62%\" srcset=\"https:\/\/1995251.cpsw-fcsei.com\/TurboTune_Auto_Works\/wp-content\/uploads\/2024\/06\/infolettre.jpg 626w, https:\/\/1995251.cpsw-fcsei.com\/TurboTune_Auto_Works\/wp-content\/uploads\/2024\/06\/infolettre-300x300.jpg 300w, https:\/\/1995251.cpsw-fcsei.com\/TurboTune_Auto_Works\/wp-content\/uploads\/2024\/06\/infolettre-150x150.jpg 150w\" sizes=\"auto, (max-width: 626px) 100vw, 626px\" \/><div class=\"wp-block-cover__inner-container is-layout-flow wp-container-core-cover-is-layout-7c43e52d wp-block-cover-is-layout-flow\">\n<div class=\"wp-block-group alignfull has-global-padding is-layout-constrained wp-container-core-group-is-layout-d89aad35 wp-block-group-is-layout-constrained\" style=\"margin-top:0;margin-bottom:0;padding-top:var(--wp--preset--spacing--50);padding-right:var(--wp--preset--spacing--50);padding-bottom:var(--wp--preset--spacing--50);padding-left:var(--wp--preset--spacing--50)\">\n<div class=\"wp-block-group alignwide contenu-infolettre has-background has-global-padding is-layout-constrained wp-container-core-group-is-layout-39412042 wp-block-group-is-layout-constrained\" style=\"border-radius:16px;background-color:#171717bd;padding-top:var(--wp--preset--spacing--40);padding-right:var(--wp--preset--spacing--50);padding-bottom:var(--wp--preset--spacing--40);padding-left:var(--wp--preset--spacing--50)\">\n<div style=\"height:var(--wp--preset--spacing--10)\" aria-hidden=\"true\" class=\"wp-block-spacer\"><\/div>\n\n\n\n<h2 class=\"wp-block-heading has-text-align-center has-custom-color-5-color has-text-color has-link-color has-x-large-font-size wp-elements-89f5961f84f483821df30ad5c2f0626a\">Cher passionn\u00e9 d&#8217;automobile<\/h2>\n\n\n\n<p class=\"has-text-align-center has-custom-color-5-color has-text-color has-link-color wp-elements-235cb5d8f949eb990d3b5319bc4349ab\">Nous vous remercions pour votre soutien continu et votre passion pour l&#8217;automobile. N&#8217;h\u00e9sitez pas \u00e0 nous contacter si vous avez des questions ou des commentaires &#8211; nous sommes l\u00e0 pour vous aider !<\/p>\n\n\n\n<div class=\"wp-block-buttons is-content-justification-center is-layout-flex wp-container-core-buttons-is-layout-a89b3969 wp-block-buttons-is-layout-flex\">\n<div class=\"wp-block-button bouton-info\"><a class=\"wp-block-button__link wp-element-button\" href=\"https:\/\/1995251.cpsw-fcsei.com\/TurboTune_Auto_Works\/not-working\">S&#8217;enregistrer<\/a><\/div>\n<\/div>\n\n\n\n<div style=\"height:var(--wp--preset--spacing--10)\" aria-hidden=\"true\" class=\"wp-block-spacer\"><\/div>\n<\/div>\n<\/div>\n<\/div><\/div>\n<\/div>\n<h3 class='devinette'>Devinette du jour: <span>Qu'est-ce qui a un volant mais ne peut pas conduire ?<\/span><\/h3>","protected":false},"excerpt":{"rendered":"<p>Notre mission D\u00e9couvrez la FAMILIA Nos employ\u00e9s d\u00e9vou\u00e9s incarnent l&#8217;excellence, l&#8217;innovation et la passion automobile. Vin Ethanol Fondateur Paul Runner Co-fondateur Susuki M\u00e9canicienne en Chef John Seenot L&#8217;employ\u00e9 qu&#8217;on voit jamais Devinette du jour: Qu&#8217;est-ce qui a quatre roues et vole ?<\/p>\n","protected":false},"author":1,"featured_media":0,"parent":0,"menu_order":0,"comment_status":"closed","ping_status":"closed","template":"","meta":{"_acf_changed":false,"footnotes":""},"class_list":["post-130","page","type-page","status-publish","hentry"],"acf":[],"_links":{"self":[{"href":"https:\/\/1995251.cpsw-fcsei.com\/TurboTune_Auto_Works\/wp-json\/wp\/v2\/pages\/130","targetHints":{"allow":["GET"]}}],"collection":[{"href":"https:\/\/1995251.cpsw-fcsei.com\/TurboTune_Auto_Works\/wp-json\/wp\/v2\/pages"}],"about":[{"href":"https:\/\/1995251.cpsw-fcsei.com\/TurboTune_Auto_Works\/wp-json\/wp\/v2\/types\/page"}],"author":[{"embeddable":true,"href":"https:\/\/1995251.cpsw-fcsei.com\/TurboTune_Auto_Works\/wp-json\/wp\/v2\/users\/1"}],"replies":[{"embeddable":true,"href":"https:\/\/1995251.cpsw-fcsei.com\/TurboTune_Auto_Works\/wp-json\/wp\/v2\/comments?post=130"}],"version-history":[{"count":19,"href":"https:\/\/1995251.cpsw-fcsei.com\/TurboTune_Auto_Works\/wp-json\/wp\/v2\/pages\/130\/revisions"}],"predecessor-version":[{"id":474,"href":"https:\/\/1995251.cpsw-fcsei.com\/TurboTune_Auto_Works\/wp-json\/wp\/v2\/pages\/130\/revisions\/474"}],"wp:attachment":[{"href":"https:\/\/1995251.cpsw-fcsei.com\/TurboTune_Auto_Works\/wp-json\/wp\/v2\/media?parent=130"}],"curies":[{"name":"wp","href":"https:\/\/api.w.org\/{rel}","templated":true}]}}