{"id":276,"date":"2024-06-07T11:26:18","date_gmt":"2024-06-07T15:26:18","guid":{"rendered":"https:\/\/1995251.cpsw-fcsei.com\/TurboTune_Auto_Works\/?page_id=276"},"modified":"2024-06-09T20:29:47","modified_gmt":"2024-06-10T00:29:47","slug":"pieces","status":"publish","type":"page","link":"https:\/\/1995251.cpsw-fcsei.com\/TurboTune_Auto_Works\/pieces\/","title":{"rendered":"Pi\u00e8ces"},"content":{"rendered":"\n<div class=\"wp-block-group alignfull has-global-padding is-layout-constrained wp-container-core-group-is-layout-490fa1db wp-block-group-is-layout-constrained\" style=\"padding-top:var(--wp--preset--spacing--50);padding-right:var(--wp--preset--spacing--50);padding-bottom:var(--wp--preset--spacing--50);padding-left:var(--wp--preset--spacing--50)\">\n<div class=\"wp-block-group has-global-padding is-layout-constrained wp-container-core-group-is-layout-650790e1 wp-block-group-is-layout-constrained\">\n<h1 class=\"wp-block-heading has-text-align-center has-x-large-font-size\">Pi\u00e8ces et Modifications<\/h1>\n\n\n\n<div style=\"height:1.25rem\" aria-hidden=\"true\" class=\"wp-block-spacer\"><\/div>\n\n\n\n<p class=\"has-text-align-center\">D\u00e9couvrez dans ce guide les pi\u00e8ces indispensables pour modifier votre voiture, qu&#8217;il s&#8217;agisse d&#8217;optimiser la performance ou l&#8217;esth\u00e9tique, et explorez les options pour personnaliser votre v\u00e9hicule selon vos besoins et pr\u00e9f\u00e9rences.<\/p>\n\n\n\n<div style=\"height:1.25rem\" aria-hidden=\"true\" class=\"wp-block-spacer\"><\/div>\n\n\n\n<div class=\"wp-block-buttons is-content-justification-center is-layout-flex wp-container-core-buttons-is-layout-a89b3969 wp-block-buttons-is-layout-flex\">\n<div class=\"wp-block-button\"><a class=\"wp-block-button__link has-custom-color-4-color has-custom-color-1-background-color has-text-color has-background has-link-color wp-element-button\" href=\"https:\/\/1995251.cpsw-fcsei.com\/TurboTune_Auto_Works\/services\">Nos services<\/a><\/div>\n\n\n\n<div class=\"wp-block-button bouton\"><a class=\"wp-block-button__link has-custom-color-1-color has-custom-color-4-background-color has-text-color has-background has-link-color wp-element-button\" href=\"https:\/\/1995251.cpsw-fcsei.com\/TurboTune_Auto_Works\/pieces\/#infolettre\">Notre infolettre<\/a><\/div>\n<\/div>\n<\/div>\n\n\n\n<div style=\"height:var(--wp--preset--spacing--30)\" aria-hidden=\"true\" class=\"wp-block-spacer\"><\/div>\n\n\n\n<figure class=\"wp-block-image alignwide size-full is-style-rounded is-style-rounded--1\"><img loading=\"lazy\" decoding=\"async\" width=\"1392\" height=\"753\" src=\"https:\/\/1995251.cpsw-fcsei.com\/TurboTune_Auto_Works\/wp-content\/uploads\/2024\/06\/piece-header.jpg\" alt=\"\" class=\"wp-image-304\"\/><\/figure>\n<\/div>\n\n\n\n<div class=\"wp-block-group alignwide has-global-padding is-layout-constrained wp-block-group-is-layout-constrained\" style=\"margin-bottom:var(--wp--preset--spacing--50)\">\n<h2 class=\"wp-block-heading has-text-align-center titre-section\" style=\"margin-top:0;margin-bottom:var(--wp--preset--spacing--40)\">Surpassez vos limites avec de nouvelles pi\u00e8ces qui boosteront votre puissance<\/h2>\n\n\n\n<div class=\"wp-block-query alignwide is-layout-flow wp-block-query-is-layout-flow\"><ul class=\"wp-block-post-template is-layout-flow wp-block-post-template-is-layout-flow\"><li class=\"wp-block-post post-209 piece type-piece status-publish has-post-thumbnail hentry type-piece-performances\">\n\n<div class=\"wp-block-columns alignwide is-layout-flex wp-container-core-columns-is-layout-6964ed94 wp-block-columns-is-layout-flex\" style=\"padding-right:0;padding-left:0\">\n<div class=\"wp-block-column is-layout-flow wp-block-column-is-layout-flow\" style=\"flex-basis:50%\"><figure style=\"aspect-ratio:16\/9;height:225px;\" class=\"alignright piece-feature wp-block-post-featured-image\"><a href=\"https:\/\/1995251.cpsw-fcsei.com\/TurboTune_Auto_Works\/piece\/moteur-v8-twin-turbo\/\" target=\"_self\"  style=\"height:225px\"><img loading=\"lazy\" decoding=\"async\" width=\"1280\" height=\"720\" src=\"https:\/\/1995251.cpsw-fcsei.com\/TurboTune_Auto_Works\/wp-content\/uploads\/2024\/06\/moteur-v8-twin-turbo.jpg\" class=\"attachment-post-thumbnail size-post-thumbnail wp-post-image\" alt=\"Moteur v8 bi-turbo\" style=\"width:100%;height:100%;object-fit:fill;\" \/><\/a><\/figure><\/div>\n\n\n\n<div class=\"wp-block-column is-layout-flow wp-block-column-is-layout-flow\" style=\"flex-basis:50%\"><h3 class=\"wp-block-post-title\"><a href=\"https:\/\/1995251.cpsw-fcsei.com\/TurboTune_Auto_Works\/piece\/moteur-v8-twin-turbo\/\" target=\"_self\" >Moteur v8 bi-turbo<\/a><\/h3>\n\n<div class=\"wp-block-post-excerpt\"><p class=\"wp-block-post-excerpt__excerpt\">Les nouvelles jantes offrent une r\u00e9invention passionnante de la roue, int\u00e9grant souvent des technologies de pointe pour am\u00e9liorer les performances, l&#8217;a\u00e9rodynamisme et l&#8217;esth\u00e9tique des v\u00e9hicules. Leur conception peut incorporer des mat\u00e9riaux l\u00e9gers comme le carbone ou l&#8217;aluminium, ce qui r\u00e9duit le poids non suspendu et am\u00e9liore la maniabilit\u00e9 et l&#8217;\u00e9conomie de carburant. Il n&#8217;y a<\/p><p class=\"wp-block-post-excerpt__more-text\"><a class=\"wp-block-post-excerpt__more-link\" href=\"https:\/\/1995251.cpsw-fcsei.com\/TurboTune_Auto_Works\/piece\/moteur-v8-twin-turbo\/\">En savoir plus..<\/a><\/p><\/div><\/div>\n<\/div>\n\n<\/li><li class=\"wp-block-post post-162 piece type-piece status-publish has-post-thumbnail hentry type-piece-performances\">\n\n<div class=\"wp-block-columns alignwide is-layout-flex wp-container-core-columns-is-layout-6964ed94 wp-block-columns-is-layout-flex\" style=\"padding-right:0;padding-left:0\">\n<div class=\"wp-block-column is-layout-flow wp-block-column-is-layout-flow\" style=\"flex-basis:50%\"><figure style=\"aspect-ratio:16\/9;height:225px;\" class=\"alignright piece-feature wp-block-post-featured-image\"><a href=\"https:\/\/1995251.cpsw-fcsei.com\/TurboTune_Auto_Works\/piece\/turbo\/\" target=\"_self\"  style=\"height:225px\"><img loading=\"lazy\" decoding=\"async\" width=\"1280\" height=\"720\" src=\"https:\/\/1995251.cpsw-fcsei.com\/TurboTune_Auto_Works\/wp-content\/uploads\/2024\/05\/cat-back.jpg\" class=\"attachment-post-thumbnail size-post-thumbnail wp-post-image\" alt=\"Axle-Back Exhaust\" style=\"width:100%;height:100%;object-fit:fill;\" \/><\/a><\/figure><\/div>\n\n\n\n<div class=\"wp-block-column is-layout-flow wp-block-column-is-layout-flow\" style=\"flex-basis:50%\"><h3 class=\"wp-block-post-title\"><a href=\"https:\/\/1995251.cpsw-fcsei.com\/TurboTune_Auto_Works\/piece\/turbo\/\" target=\"_self\" >Axle-Back Exhaust<\/a><\/h3>\n\n<div class=\"wp-block-post-excerpt\"><p class=\"wp-block-post-excerpt__excerpt\">Conseils : Simple roul\u00e9 unique avec d\u00e9coupe en angle, type Phantom Compatible avec les v\u00e9hicules suivants :Scion FR-S\/Subaru BRZ 2.0L 4 cylindres, transmission automatique\/manuelle, propulsion arri\u00e8re, 2 portes, ann\u00e9es 2013-2016. Prix :\u00a0$ Couleur : Les syst\u00e8mes d&#8217;\u00e9chappement BORLA\u00ae Cat-Back\u2122 &amp; Axle-Back sont dot\u00e9s d&#8217;une technologie brevet\u00e9e \u00e0 flux droit et \u00e0 multi-c\u0153ur con\u00e7ue pour lib\u00e9rer<\/p><p class=\"wp-block-post-excerpt__more-text\"><a class=\"wp-block-post-excerpt__more-link\" href=\"https:\/\/1995251.cpsw-fcsei.com\/TurboTune_Auto_Works\/piece\/turbo\/\">En savoir plus..<\/a><\/p><\/div><\/div>\n<\/div>\n\n<\/li><\/ul><\/div>\n<\/div>\n\n\n\n<hr class=\"wp-block-separator alignwide has-text-color has-custom-color-1-color has-alpha-channel-opacity has-custom-color-1-background-color has-background\"\/>\n\n\n\n<div class=\"wp-block-group alignwide has-global-padding is-layout-constrained wp-block-group-is-layout-constrained\" style=\"margin-top:var(--wp--preset--spacing--40);margin-bottom:var(--wp--preset--spacing--50)\">\n<h2 class=\"wp-block-heading has-text-align-center titre-section\" style=\"margin-top:var(--wp--preset--spacing--40);margin-bottom:var(--wp--preset--spacing--40)\">D\u00e9marquez vous avec une esth\u00e9tique hors du commun<\/h2>\n\n\n\n<div class=\"wp-block-query alignwide is-layout-flow wp-block-query-is-layout-flow\"><ul class=\"piece-feature wp-block-post-template is-layout-flow wp-block-post-template-is-layout-flow\"><li class=\"wp-block-post post-311 piece type-piece status-publish has-post-thumbnail hentry type-piece-esthetiques\">\n\n<div class=\"wp-block-columns alignwide is-layout-flex wp-container-core-columns-is-layout-6964ed94 wp-block-columns-is-layout-flex\" style=\"padding-right:0;padding-left:0\">\n<div class=\"wp-block-column is-layout-flow wp-block-column-is-layout-flow\" style=\"flex-basis:50%\"><h3 class=\"wp-block-post-title\"><a href=\"https:\/\/1995251.cpsw-fcsei.com\/TurboTune_Auto_Works\/piece\/aileron-gt-fibre-de-carbone\/\" target=\"_self\" >Aileron GT<\/a><\/h3>\n\n<div class=\"wp-block-post-excerpt\"><p class=\"wp-block-post-excerpt__excerpt\">Non seulement les spoiler sont destin\u00e9s \u00e0 un look cool, mais ils aident \u00e9galement \u00e0 la dynamique a\u00e9rodynamique de la voiture en abaissant la tra\u00een\u00e9e, ou aider \u00e0 mettre plus de force sur la voiture en veillant \u00e0 ce que les roues restent \u00e0 la terre pour une traction maximale. Universel pour presque tous les<\/p><p class=\"wp-block-post-excerpt__more-text\"><a class=\"wp-block-post-excerpt__more-link\" href=\"https:\/\/1995251.cpsw-fcsei.com\/TurboTune_Auto_Works\/piece\/aileron-gt-fibre-de-carbone\/\">En savoir plus..<\/a><\/p><\/div><\/div>\n\n\n\n<div class=\"wp-block-column is-layout-flow wp-block-column-is-layout-flow\" style=\"flex-basis:50%\"><figure style=\"aspect-ratio:16\/9;height:225px;\" class=\"alignright piece-feature wp-block-post-featured-image\"><a href=\"https:\/\/1995251.cpsw-fcsei.com\/TurboTune_Auto_Works\/piece\/aileron-gt-fibre-de-carbone\/\" target=\"_self\"  style=\"height:225px\"><img loading=\"lazy\" decoding=\"async\" width=\"1300\" height=\"1300\" src=\"https:\/\/1995251.cpsw-fcsei.com\/TurboTune_Auto_Works\/wp-content\/uploads\/2024\/06\/aileron-arriere-GT.jpeg\" class=\"attachment-post-thumbnail size-post-thumbnail wp-post-image\" alt=\"Aileron GT\" style=\"width:100%;height:100%;object-fit:fill;\" srcset=\"https:\/\/1995251.cpsw-fcsei.com\/TurboTune_Auto_Works\/wp-content\/uploads\/2024\/06\/aileron-arriere-GT.jpeg 1300w, https:\/\/1995251.cpsw-fcsei.com\/TurboTune_Auto_Works\/wp-content\/uploads\/2024\/06\/aileron-arriere-GT-300x300.jpeg 300w, https:\/\/1995251.cpsw-fcsei.com\/TurboTune_Auto_Works\/wp-content\/uploads\/2024\/06\/aileron-arriere-GT-1024x1024.jpeg 1024w, https:\/\/1995251.cpsw-fcsei.com\/TurboTune_Auto_Works\/wp-content\/uploads\/2024\/06\/aileron-arriere-GT-150x150.jpeg 150w, https:\/\/1995251.cpsw-fcsei.com\/TurboTune_Auto_Works\/wp-content\/uploads\/2024\/06\/aileron-arriere-GT-768x768.jpeg 768w\" sizes=\"auto, (max-width: 1300px) 100vw, 1300px\" \/><\/a><\/figure><\/div>\n<\/div>\n\n<\/li><li class=\"wp-block-post post-193 piece type-piece status-publish has-post-thumbnail hentry type-piece-esthetiques\">\n\n<div class=\"wp-block-columns alignwide is-layout-flex wp-container-core-columns-is-layout-6964ed94 wp-block-columns-is-layout-flex\" style=\"padding-right:0;padding-left:0\">\n<div class=\"wp-block-column is-layout-flow wp-block-column-is-layout-flow\" style=\"flex-basis:50%\"><h3 class=\"wp-block-post-title\"><a href=\"https:\/\/1995251.cpsw-fcsei.com\/TurboTune_Auto_Works\/piece\/jantes\/\" target=\"_self\" >Jantes<\/a><\/h3>\n\n<div class=\"wp-block-post-excerpt\"><p class=\"wp-block-post-excerpt__excerpt\">Les mags, ou jantes en alliage, sont des composants essentiels de la voiture qui peuvent avoir plusieurs utilit\u00e9s : Cette belle petite pi\u00e8ce n&#8217;est que $ alors n&#8217;h\u00e9sitez pas et \u00e9lever votre d\u00e9marcation visuelle sur la route!Elle se fait dans plusieurs couleurs: Devinette du jour: Qu&#8217;est-ce qui a des dents mais ne peut pas manger<\/p><p class=\"wp-block-post-excerpt__more-text\"><a class=\"wp-block-post-excerpt__more-link\" href=\"https:\/\/1995251.cpsw-fcsei.com\/TurboTune_Auto_Works\/piece\/jantes\/\">En savoir plus..<\/a><\/p><\/div><\/div>\n\n\n\n<div class=\"wp-block-column is-layout-flow wp-block-column-is-layout-flow\" style=\"flex-basis:50%\"><figure style=\"aspect-ratio:16\/9;height:225px;\" class=\"alignright piece-feature wp-block-post-featured-image\"><a href=\"https:\/\/1995251.cpsw-fcsei.com\/TurboTune_Auto_Works\/piece\/jantes\/\" target=\"_self\"  style=\"height:225px\"><img loading=\"lazy\" decoding=\"async\" width=\"1000\" height=\"990\" src=\"https:\/\/1995251.cpsw-fcsei.com\/TurboTune_Auto_Works\/wp-content\/uploads\/2024\/06\/black-mags.jpg\" class=\"attachment-post-thumbnail size-post-thumbnail wp-post-image\" alt=\"Jantes\" style=\"width:100%;height:100%;object-fit:fill;\" srcset=\"https:\/\/1995251.cpsw-fcsei.com\/TurboTune_Auto_Works\/wp-content\/uploads\/2024\/06\/black-mags.jpg 1000w, https:\/\/1995251.cpsw-fcsei.com\/TurboTune_Auto_Works\/wp-content\/uploads\/2024\/06\/black-mags-300x297.jpg 300w, https:\/\/1995251.cpsw-fcsei.com\/TurboTune_Auto_Works\/wp-content\/uploads\/2024\/06\/black-mags-150x150.jpg 150w, https:\/\/1995251.cpsw-fcsei.com\/TurboTune_Auto_Works\/wp-content\/uploads\/2024\/06\/black-mags-768x760.jpg 768w\" sizes=\"auto, (max-width: 1000px) 100vw, 1000px\" \/><\/a><\/figure><\/div>\n<\/div>\n\n<\/li><\/ul><\/div>\n<\/div>\n\n\n\n<div class=\"wp-block-group alignfull has-global-padding is-layout-constrained wp-block-group-is-layout-constrained\" id=\"infolettre\">\n<div class=\"wp-block-cover alignfull\" style=\"margin-top:0;margin-bottom:0\" id=\"infolettre\"><span aria-hidden=\"true\" class=\"wp-block-cover__background has-background-dim\" style=\"background-color:#522726\"><\/span><img loading=\"lazy\" decoding=\"async\" width=\"626\" height=\"626\" class=\"wp-block-cover__image-background wp-image-255\" alt=\"\" src=\"https:\/\/1995251.cpsw-fcsei.com\/TurboTune_Auto_Works\/wp-content\/uploads\/2024\/06\/infolettre.jpg\" style=\"object-position:35% 62%\" data-object-fit=\"cover\" data-object-position=\"35% 62%\" srcset=\"https:\/\/1995251.cpsw-fcsei.com\/TurboTune_Auto_Works\/wp-content\/uploads\/2024\/06\/infolettre.jpg 626w, https:\/\/1995251.cpsw-fcsei.com\/TurboTune_Auto_Works\/wp-content\/uploads\/2024\/06\/infolettre-300x300.jpg 300w, https:\/\/1995251.cpsw-fcsei.com\/TurboTune_Auto_Works\/wp-content\/uploads\/2024\/06\/infolettre-150x150.jpg 150w\" sizes=\"auto, (max-width: 626px) 100vw, 626px\" \/><div class=\"wp-block-cover__inner-container is-layout-flow wp-container-core-cover-is-layout-7c43e52d wp-block-cover-is-layout-flow\">\n<div class=\"wp-block-group alignfull has-global-padding is-layout-constrained wp-container-core-group-is-layout-d89aad35 wp-block-group-is-layout-constrained\" style=\"margin-top:0;margin-bottom:0;padding-top:var(--wp--preset--spacing--50);padding-right:var(--wp--preset--spacing--50);padding-bottom:var(--wp--preset--spacing--50);padding-left:var(--wp--preset--spacing--50)\">\n<div class=\"wp-block-group alignwide contenu-infolettre has-background has-global-padding is-layout-constrained wp-container-core-group-is-layout-39412042 wp-block-group-is-layout-constrained\" style=\"border-radius:16px;background-color:#171717bd;padding-top:var(--wp--preset--spacing--40);padding-right:var(--wp--preset--spacing--50);padding-bottom:var(--wp--preset--spacing--40);padding-left:var(--wp--preset--spacing--50)\">\n<div style=\"height:var(--wp--preset--spacing--10)\" aria-hidden=\"true\" class=\"wp-block-spacer\"><\/div>\n\n\n\n<h2 class=\"wp-block-heading has-text-align-center has-custom-color-5-color has-text-color has-link-color has-x-large-font-size wp-elements-89f5961f84f483821df30ad5c2f0626a\">Cher passionn\u00e9 d&#8217;automobile<\/h2>\n\n\n\n<p class=\"has-text-align-center has-custom-color-5-color has-text-color has-link-color wp-elements-235cb5d8f949eb990d3b5319bc4349ab\">Nous vous remercions pour votre soutien continu et votre passion pour l&#8217;automobile. N&#8217;h\u00e9sitez pas \u00e0 nous contacter si vous avez des questions ou des commentaires &#8211; nous sommes l\u00e0 pour vous aider !<\/p>\n\n\n\n<div class=\"wp-block-buttons is-content-justification-center is-layout-flex wp-container-core-buttons-is-layout-a89b3969 wp-block-buttons-is-layout-flex\">\n<div class=\"wp-block-button bouton-info\"><a class=\"wp-block-button__link wp-element-button\" href=\"https:\/\/1995251.cpsw-fcsei.com\/TurboTune_Auto_Works\/not-working\">S&#8217;enregistrer<\/a><\/div>\n<\/div>\n\n\n\n<div style=\"height:var(--wp--preset--spacing--10)\" aria-hidden=\"true\" class=\"wp-block-spacer\"><\/div>\n<\/div>\n<\/div>\n<\/div><\/div>\n<\/div>\n<h3 class='devinette'>Devinette du jour: <span>Qu'est-ce qui a quatre roues et vole ?<\/span><\/h3>","protected":false},"excerpt":{"rendered":"<p>Pi\u00e8ces et Modifications D\u00e9couvrez dans ce guide les pi\u00e8ces indispensables pour modifier votre voiture, qu&#8217;il s&#8217;agisse d&#8217;optimiser la performance ou l&#8217;esth\u00e9tique, et explorez les options pour personnaliser votre v\u00e9hicule selon vos besoins et pr\u00e9f\u00e9rences. Surpassez vos limites avec de nouvelles pi\u00e8ces qui boosteront votre puissance D\u00e9marquez vous avec une esth\u00e9tique hors du commun Devinette du [&hellip;]<\/p>\n","protected":false},"author":1,"featured_media":0,"parent":0,"menu_order":0,"comment_status":"closed","ping_status":"closed","template":"page-no-title","meta":{"_acf_changed":false,"footnotes":""},"class_list":["post-276","page","type-page","status-publish","hentry"],"acf":[],"_links":{"self":[{"href":"https:\/\/1995251.cpsw-fcsei.com\/TurboTune_Auto_Works\/wp-json\/wp\/v2\/pages\/276","targetHints":{"allow":["GET"]}}],"collection":[{"href":"https:\/\/1995251.cpsw-fcsei.com\/TurboTune_Auto_Works\/wp-json\/wp\/v2\/pages"}],"about":[{"href":"https:\/\/1995251.cpsw-fcsei.com\/TurboTune_Auto_Works\/wp-json\/wp\/v2\/types\/page"}],"author":[{"embeddable":true,"href":"https:\/\/1995251.cpsw-fcsei.com\/TurboTune_Auto_Works\/wp-json\/wp\/v2\/users\/1"}],"replies":[{"embeddable":true,"href":"https:\/\/1995251.cpsw-fcsei.com\/TurboTune_Auto_Works\/wp-json\/wp\/v2\/comments?post=276"}],"version-history":[{"count":22,"href":"https:\/\/1995251.cpsw-fcsei.com\/TurboTune_Auto_Works\/wp-json\/wp\/v2\/pages\/276\/revisions"}],"predecessor-version":[{"id":481,"href":"https:\/\/1995251.cpsw-fcsei.com\/TurboTune_Auto_Works\/wp-json\/wp\/v2\/pages\/276\/revisions\/481"}],"wp:attachment":[{"href":"https:\/\/1995251.cpsw-fcsei.com\/TurboTune_Auto_Works\/wp-json\/wp\/v2\/media?parent=276"}],"curies":[{"name":"wp","href":"https:\/\/api.w.org\/{rel}","templated":true}]}}