{"id":278,"date":"2024-06-07T11:26:37","date_gmt":"2024-06-07T15:26:37","guid":{"rendered":"https:\/\/1995251.cpsw-fcsei.com\/TurboTune_Auto_Works\/?page_id=278"},"modified":"2024-06-09T20:30:43","modified_gmt":"2024-06-10T00:30:43","slug":"services","status":"publish","type":"page","link":"https:\/\/1995251.cpsw-fcsei.com\/TurboTune_Auto_Works\/services\/","title":{"rendered":"Services"},"content":{"rendered":"\n<div class=\"wp-block-cover alignfull has-custom-content-position is-position-center-right\" style=\"margin-top:0;padding-top:5vw;padding-right:5vw;padding-bottom:5vw;padding-left:5vw;min-height:66.6vh;aspect-ratio:unset;\"><span aria-hidden=\"true\" class=\"wp-block-cover__background has-background-dim-40 has-background-dim wp-block-cover__gradient-background has-background-gradient\" style=\"background:linear-gradient(75deg,#973C20 0%,#272727 100%)\"><\/span><img loading=\"lazy\" decoding=\"async\" width=\"1280\" height=\"645\" class=\"wp-block-cover__image-background wp-image-358\" alt=\"\" src=\"https:\/\/1995251.cpsw-fcsei.com\/TurboTune_Auto_Works\/wp-content\/uploads\/2024\/06\/services.jpg\" style=\"object-position:59% 54%\" data-object-fit=\"cover\" data-object-position=\"59% 54%\" srcset=\"https:\/\/1995251.cpsw-fcsei.com\/TurboTune_Auto_Works\/wp-content\/uploads\/2024\/06\/services.jpg 1280w, https:\/\/1995251.cpsw-fcsei.com\/TurboTune_Auto_Works\/wp-content\/uploads\/2024\/06\/services-300x151.jpg 300w, https:\/\/1995251.cpsw-fcsei.com\/TurboTune_Auto_Works\/wp-content\/uploads\/2024\/06\/services-1024x516.jpg 1024w, https:\/\/1995251.cpsw-fcsei.com\/TurboTune_Auto_Works\/wp-content\/uploads\/2024\/06\/services-768x387.jpg 768w\" sizes=\"auto, (max-width: 1280px) 100vw, 1280px\" \/><div class=\"wp-block-cover__inner-container is-layout-flow wp-block-cover-is-layout-flow\">\n<div class=\"wp-block-group wp-container-content-9cfa9a5a has-global-padding is-layout-constrained wp-container-core-group-is-layout-a1274fd4 wp-block-group-is-layout-constrained\">\n<div style=\"height:100px\" aria-hidden=\"true\" class=\"wp-block-spacer\"><\/div>\n\n\n\n<div class=\"wp-block-group services-intro has-global-padding is-layout-constrained wp-block-group-is-layout-constrained\">\n<div class=\"wp-block-group has-background has-global-padding is-layout-constrained wp-container-core-group-is-layout-c385debf wp-block-group-is-layout-constrained\" style=\"border-radius:20px;background-color:#171717a8;padding-top:var(--wp--preset--spacing--20);padding-right:var(--wp--preset--spacing--20);padding-bottom:var(--wp--preset--spacing--20);padding-left:var(--wp--preset--spacing--20)\">\n<p>\u00c0 la recherche d&#8217;un moyen d&#8217;optimiser les performances de votre v\u00e9hicule? Chez <mark style=\"background-color:rgba(0, 0, 0, 0)\" class=\"has-inline-color has-custom-color-1-color\">TurboTune Auto Works<\/mark>, nous sommes experts en am\u00e9liorations automobiles. <\/p>\n\n\n\n<p>De la reprogrammation de l&#8217;ECU \u00e0 l&#8217;installation de syst\u00e8mes de suralimentation et de pi\u00e8ces de performance, nous avons les comp\u00e9tences et l&#8217;expertise n\u00e9cessaires pour lib\u00e9rer tout le potentiel de votre voiture.<\/p>\n\n\n\n<p> Contactez-nous d\u00e8s aujourd&#8217;hui pour d\u00e9couvrir comment nous pouvons transformer votre conduite.&#8221; <\/p>\n\n\n\n<div class=\"wp-block-buttons is-content-justification-center is-layout-flex wp-container-core-buttons-is-layout-a89b3969 wp-block-buttons-is-layout-flex\">\n<div class=\"wp-block-button bouton-principal\"><a class=\"wp-block-button__link has-custom-color-4-color has-custom-color-1-background-color has-text-color has-background has-link-color wp-element-button\" href=\"https:\/\/1995251.cpsw-fcsei.com\/TurboTune_Auto_Works\/a-propos\" style=\"border-style:none;border-width:0px\">\u00c0 propos<\/a><\/div>\n\n\n\n<div class=\"wp-block-button bouton is-style-outline bouton-secondaire is-style-outline--1\"><a class=\"wp-block-button__link has-custom-color-1-color has-custom-color-4-background-color has-text-color has-background has-link-color wp-element-button\" href=\"https:\/\/1995251.cpsw-fcsei.com\/TurboTune_Auto_Works\/services\/#infolettre\" style=\"border-style:none;border-width:0px\">Infolettre<\/a><\/div>\n<\/div>\n<\/div>\n<\/div>\n\n\n\n<div style=\"height:83px\" aria-hidden=\"true\" class=\"wp-block-spacer\"><\/div>\n<\/div>\n<\/div><\/div>\n\n\n\n<h2 class=\"wp-block-heading has-text-align-center titre-section\">Services couleurs<\/h2>\n\n\n\n<div class=\"wp-block-group alignwide has-global-padding is-layout-constrained wp-block-group-is-layout-constrained\" style=\"margin-top:var(--wp--preset--spacing--30);margin-bottom:var(--wp--preset--spacing--40)\">\n<div class=\"wp-block-query alignwide is-layout-flow wp-block-query-is-layout-flow\"><ul class=\"wp-block-post-template is-layout-flow wp-block-post-template-is-layout-flow\"><li class=\"wp-block-post post-376 service type-service status-publish has-post-thumbnail hentry type-service-couleur\">\n\n<div class=\"wp-block-columns are-vertically-aligned-center is-layout-flex wp-container-core-columns-is-layout-28f84493 wp-block-columns-is-layout-flex\">\n<div class=\"wp-block-column is-vertically-aligned-center is-layout-flow wp-block-column-is-layout-flow\" style=\"flex-basis:25%\"><figure class=\"wp-block-post-featured-image\"><a href=\"https:\/\/1995251.cpsw-fcsei.com\/TurboTune_Auto_Works\/service\/lettrage-et-wrap-imprime\/\" target=\"_self\"  ><img loading=\"lazy\" decoding=\"async\" width=\"1110\" height=\"568\" src=\"https:\/\/1995251.cpsw-fcsei.com\/TurboTune_Auto_Works\/wp-content\/uploads\/2024\/06\/wrap-fi.jpg\" class=\"attachment-post-thumbnail size-post-thumbnail wp-post-image\" alt=\"Lettrage et wrap imprim\u00e9\" style=\"object-fit:cover;\" srcset=\"https:\/\/1995251.cpsw-fcsei.com\/TurboTune_Auto_Works\/wp-content\/uploads\/2024\/06\/wrap-fi.jpg 1110w, https:\/\/1995251.cpsw-fcsei.com\/TurboTune_Auto_Works\/wp-content\/uploads\/2024\/06\/wrap-fi-300x154.jpg 300w, https:\/\/1995251.cpsw-fcsei.com\/TurboTune_Auto_Works\/wp-content\/uploads\/2024\/06\/wrap-fi-1024x524.jpg 1024w, https:\/\/1995251.cpsw-fcsei.com\/TurboTune_Auto_Works\/wp-content\/uploads\/2024\/06\/wrap-fi-768x393.jpg 768w\" sizes=\"auto, (max-width: 1110px) 100vw, 1110px\" \/><\/a><\/figure><\/div>\n\n\n\n<div class=\"wp-block-column is-vertically-aligned-center is-layout-flow wp-block-column-is-layout-flow\" style=\"flex-basis:75%\"><h3 class=\"wp-block-post-title\"><a href=\"https:\/\/1995251.cpsw-fcsei.com\/TurboTune_Auto_Works\/service\/lettrage-et-wrap-imprime\/\" target=\"_self\" >Lettrage et wrap imprim\u00e9<\/a><\/h3><\/div>\n<\/div>\n\n<\/li><li class=\"wp-block-post post-272 service type-service status-publish has-post-thumbnail hentry type-service-couleur\">\n\n<div class=\"wp-block-columns are-vertically-aligned-center is-layout-flex wp-container-core-columns-is-layout-28f84493 wp-block-columns-is-layout-flex\">\n<div class=\"wp-block-column is-vertically-aligned-center is-layout-flow wp-block-column-is-layout-flow\" style=\"flex-basis:25%\"><figure class=\"wp-block-post-featured-image\"><a href=\"https:\/\/1995251.cpsw-fcsei.com\/TurboTune_Auto_Works\/service\/changement-de-couleur\/\" target=\"_self\"  ><img loading=\"lazy\" decoding=\"async\" width=\"1023\" height=\"640\" src=\"https:\/\/1995251.cpsw-fcsei.com\/TurboTune_Auto_Works\/wp-content\/uploads\/2024\/06\/auto-multicouleur.jpg\" class=\"attachment-post-thumbnail size-post-thumbnail wp-post-image\" alt=\"Changement de couleur\" style=\"object-fit:cover;\" \/><\/a><\/figure><\/div>\n\n\n\n<div class=\"wp-block-column is-vertically-aligned-center is-layout-flow wp-block-column-is-layout-flow\" style=\"flex-basis:75%\"><h3 class=\"wp-block-post-title\"><a href=\"https:\/\/1995251.cpsw-fcsei.com\/TurboTune_Auto_Works\/service\/changement-de-couleur\/\" target=\"_self\" >Changement de couleur<\/a><\/h3><\/div>\n<\/div>\n\n<\/li><\/ul><\/div>\n<\/div>\n\n\n\n<hr class=\"wp-block-separator alignwide has-text-color has-custom-color-1-color has-alpha-channel-opacity has-custom-color-1-background-color has-background is-style-wide\" style=\"margin-top:var(--wp--preset--spacing--30);margin-bottom:var(--wp--preset--spacing--30)\"\/>\n\n\n\n<h2 class=\"wp-block-heading has-text-align-center titre-section\">Services visuels<\/h2>\n\n\n\n<div class=\"wp-block-group alignwide has-global-padding is-layout-constrained wp-block-group-is-layout-constrained\" style=\"margin-bottom:var(--wp--preset--spacing--40)\">\n<div class=\"wp-block-query alignwide is-layout-flow wp-block-query-is-layout-flow\"><ul class=\"wp-block-post-template is-layout-flow wp-block-post-template-is-layout-flow\"><li class=\"wp-block-post post-436 service type-service status-publish has-post-thumbnail hentry type-service-visuel\">\n\n<div class=\"wp-block-columns are-vertically-aligned-center is-layout-flex wp-container-core-columns-is-layout-28f84493 wp-block-columns-is-layout-flex\">\n<div class=\"wp-block-column is-vertically-aligned-center is-layout-flow wp-block-column-is-layout-flow\" style=\"flex-basis:25%\"><figure class=\"wp-block-post-featured-image\"><a href=\"https:\/\/1995251.cpsw-fcsei.com\/TurboTune_Auto_Works\/service\/plaque-personnalisee\/\" target=\"_self\"  ><img loading=\"lazy\" decoding=\"async\" width=\"923\" height=\"615\" src=\"https:\/\/1995251.cpsw-fcsei.com\/TurboTune_Auto_Works\/wp-content\/uploads\/2024\/06\/plaque-ohmygod.jpg\" class=\"attachment-post-thumbnail size-post-thumbnail wp-post-image\" alt=\"Plaque personnalis\u00e9e\" style=\"object-fit:cover;\" \/><\/a><\/figure><\/div>\n\n\n\n<div class=\"wp-block-column is-vertically-aligned-center is-layout-flow wp-block-column-is-layout-flow\" style=\"flex-basis:75%\"><h3 class=\"wp-block-post-title\"><a href=\"https:\/\/1995251.cpsw-fcsei.com\/TurboTune_Auto_Works\/service\/plaque-personnalisee\/\" target=\"_self\" >Plaque personnalis\u00e9e<\/a><\/h3><\/div>\n<\/div>\n\n<\/li><li class=\"wp-block-post post-363 service type-service status-publish has-post-thumbnail hentry type-service-visuel\">\n\n<div class=\"wp-block-columns are-vertically-aligned-center is-layout-flex wp-container-core-columns-is-layout-28f84493 wp-block-columns-is-layout-flex\">\n<div class=\"wp-block-column is-vertically-aligned-center is-layout-flow wp-block-column-is-layout-flow\" style=\"flex-basis:25%\"><figure class=\"wp-block-post-featured-image\"><a href=\"https:\/\/1995251.cpsw-fcsei.com\/TurboTune_Auto_Works\/service\/nettoyage-et-protection\/\" target=\"_self\"  ><img loading=\"lazy\" decoding=\"async\" width=\"318\" height=\"159\" src=\"https:\/\/1995251.cpsw-fcsei.com\/TurboTune_Auto_Works\/wp-content\/uploads\/2024\/06\/car-wash.jpg\" class=\"attachment-post-thumbnail size-post-thumbnail wp-post-image\" alt=\"Nettoyage et protection\" style=\"object-fit:cover;\" \/><\/a><\/figure><\/div>\n\n\n\n<div class=\"wp-block-column is-vertically-aligned-center is-layout-flow wp-block-column-is-layout-flow\" style=\"flex-basis:75%\"><h3 class=\"wp-block-post-title\"><a href=\"https:\/\/1995251.cpsw-fcsei.com\/TurboTune_Auto_Works\/service\/nettoyage-et-protection\/\" target=\"_self\" >Nettoyage et protection<\/a><\/h3><\/div>\n<\/div>\n\n<\/li><\/ul><\/div>\n<\/div>\n\n\n\n<div class=\"wp-block-cover alignfull\" style=\"margin-top:0;margin-bottom:0\" id=\"infolettre\"><span aria-hidden=\"true\" class=\"wp-block-cover__background has-background-dim\" style=\"background-color:#522726\"><\/span><img loading=\"lazy\" decoding=\"async\" width=\"626\" height=\"626\" class=\"wp-block-cover__image-background wp-image-255\" alt=\"\" src=\"https:\/\/1995251.cpsw-fcsei.com\/TurboTune_Auto_Works\/wp-content\/uploads\/2024\/06\/infolettre.jpg\" style=\"object-position:35% 62%\" data-object-fit=\"cover\" data-object-position=\"35% 62%\" srcset=\"https:\/\/1995251.cpsw-fcsei.com\/TurboTune_Auto_Works\/wp-content\/uploads\/2024\/06\/infolettre.jpg 626w, https:\/\/1995251.cpsw-fcsei.com\/TurboTune_Auto_Works\/wp-content\/uploads\/2024\/06\/infolettre-300x300.jpg 300w, https:\/\/1995251.cpsw-fcsei.com\/TurboTune_Auto_Works\/wp-content\/uploads\/2024\/06\/infolettre-150x150.jpg 150w\" sizes=\"auto, (max-width: 626px) 100vw, 626px\" \/><div class=\"wp-block-cover__inner-container is-layout-flow wp-container-core-cover-is-layout-7c43e52d wp-block-cover-is-layout-flow\">\n<div class=\"wp-block-group alignfull has-global-padding is-layout-constrained wp-container-core-group-is-layout-d89aad35 wp-block-group-is-layout-constrained\" style=\"margin-top:0;margin-bottom:0;padding-top:var(--wp--preset--spacing--50);padding-right:var(--wp--preset--spacing--50);padding-bottom:var(--wp--preset--spacing--50);padding-left:var(--wp--preset--spacing--50)\">\n<div class=\"wp-block-group alignwide contenu-infolettre has-background has-global-padding is-layout-constrained wp-container-core-group-is-layout-39412042 wp-block-group-is-layout-constrained\" style=\"border-radius:16px;background-color:#171717bd;padding-top:var(--wp--preset--spacing--40);padding-right:var(--wp--preset--spacing--50);padding-bottom:var(--wp--preset--spacing--40);padding-left:var(--wp--preset--spacing--50)\">\n<div style=\"height:var(--wp--preset--spacing--10)\" aria-hidden=\"true\" class=\"wp-block-spacer\"><\/div>\n\n\n\n<h2 class=\"wp-block-heading has-text-align-center has-custom-color-5-color has-text-color has-link-color has-x-large-font-size wp-elements-89f5961f84f483821df30ad5c2f0626a\">Cher passionn\u00e9 d&#8217;automobile<\/h2>\n\n\n\n<p class=\"has-text-align-center has-custom-color-5-color has-text-color has-link-color wp-elements-235cb5d8f949eb990d3b5319bc4349ab\">Nous vous remercions pour votre soutien continu et votre passion pour l&#8217;automobile. N&#8217;h\u00e9sitez pas \u00e0 nous contacter si vous avez des questions ou des commentaires &#8211; nous sommes l\u00e0 pour vous aider !<\/p>\n\n\n\n<div class=\"wp-block-buttons is-content-justification-center is-layout-flex wp-container-core-buttons-is-layout-a89b3969 wp-block-buttons-is-layout-flex\">\n<div class=\"wp-block-button bouton-info\"><a class=\"wp-block-button__link wp-element-button\" href=\"https:\/\/1995251.cpsw-fcsei.com\/TurboTune_Auto_Works\/not-working\">S&#8217;enregistrer<\/a><\/div>\n<\/div>\n\n\n\n<div style=\"height:var(--wp--preset--spacing--10)\" aria-hidden=\"true\" class=\"wp-block-spacer\"><\/div>\n<\/div>\n<\/div>\n<\/div><\/div>\n<h3 class='devinette'>Devinette du jour: <span>Qu'est-ce qui a des cl\u00e9s mais ne peut pas ouvrir de porte ?<\/span><\/h3>","protected":false},"excerpt":{"rendered":"<p>Services couleurs Services visuels Devinette du jour: Qu&#8217;est-ce qui a quatre roues et vole ?<\/p>\n","protected":false},"author":1,"featured_media":0,"parent":0,"menu_order":0,"comment_status":"closed","ping_status":"closed","template":"page-no-title","meta":{"_acf_changed":false,"footnotes":""},"class_list":["post-278","page","type-page","status-publish","hentry"],"acf":[],"_links":{"self":[{"href":"https:\/\/1995251.cpsw-fcsei.com\/TurboTune_Auto_Works\/wp-json\/wp\/v2\/pages\/278","targetHints":{"allow":["GET"]}}],"collection":[{"href":"https:\/\/1995251.cpsw-fcsei.com\/TurboTune_Auto_Works\/wp-json\/wp\/v2\/pages"}],"about":[{"href":"https:\/\/1995251.cpsw-fcsei.com\/TurboTune_Auto_Works\/wp-json\/wp\/v2\/types\/page"}],"author":[{"embeddable":true,"href":"https:\/\/1995251.cpsw-fcsei.com\/TurboTune_Auto_Works\/wp-json\/wp\/v2\/users\/1"}],"replies":[{"embeddable":true,"href":"https:\/\/1995251.cpsw-fcsei.com\/TurboTune_Auto_Works\/wp-json\/wp\/v2\/comments?post=278"}],"version-history":[{"count":20,"href":"https:\/\/1995251.cpsw-fcsei.com\/TurboTune_Auto_Works\/wp-json\/wp\/v2\/pages\/278\/revisions"}],"predecessor-version":[{"id":482,"href":"https:\/\/1995251.cpsw-fcsei.com\/TurboTune_Auto_Works\/wp-json\/wp\/v2\/pages\/278\/revisions\/482"}],"wp:attachment":[{"href":"https:\/\/1995251.cpsw-fcsei.com\/TurboTune_Auto_Works\/wp-json\/wp\/v2\/media?parent=278"}],"curies":[{"name":"wp","href":"https:\/\/api.w.org\/{rel}","templated":true}]}}