{"id":9,"date":"2024-04-12T15:08:27","date_gmt":"2024-04-12T15:08:27","guid":{"rendered":"http:\/\/localhost\/Module%203\/TP1\/?page_id=9"},"modified":"2024-05-20T15:57:37","modified_gmt":"2024-05-20T19:57:37","slug":"accueil","status":"publish","type":"page","link":"https:\/\/1995251.cpsw-fcsei.com\/Voyage_Paradis\/","title":{"rendered":"Accueil"},"content":{"rendered":"\n<div class=\"wp-block-group alignfull has-contrast-3-background-color has-background has-global-padding is-layout-constrained wp-container-core-group-is-layout-d89aad35 wp-block-group-is-layout-constrained\" id=\"accueil\" style=\"margin-top:0;margin-bottom:0;padding-top:var(--wp--preset--spacing--50);padding-right:var(--wp--preset--spacing--50);padding-bottom:var(--wp--preset--spacing--50);padding-left:var(--wp--preset--spacing--50)\">\n<div class=\"wp-block-columns alignwide are-vertically-aligned-center is-layout-flex wp-container-core-columns-is-layout-47c06fe3 wp-block-columns-is-layout-flex\">\n<div class=\"wp-block-column is-vertically-aligned-center is-layout-flow wp-block-column-is-layout-flow\" style=\"flex-basis:50%\">\n<h2 class=\"wp-block-heading has-text-align-left has-contrast-color has-text-color has-link-color has-oxanium-font-family wp-elements-c3434ba673fe1a9b01e51ec642f9ef6d\">Am\u00e9liorer votre exp\u00e9rience de voyage avec <strong>Voyage Paradis<\/strong><\/h2>\n\n\n\n<ul style=\"line-height:1.75\" class=\"is-style-checkmark-list wp-block-list\">\n<li class=\"has-oxanium-font-family\">Imaginer vos destinations paradisiaques.<\/li>\n\n\n\n<li class=\"has-oxanium-font-family\">R\u00e9aliser vos r\u00eaves les plus profonds<\/li>\n\n\n\n<li class=\"has-oxanium-font-family\">Relaxer.<\/li>\n<\/ul>\n\n\n\n<div class=\"wp-block-buttons is-layout-flex wp-block-buttons-is-layout-flex\">\n<div class=\"wp-block-button bouton has-libre-caslon-text-font-family\"><a class=\"wp-block-button__link wp-element-button\" href=\"https:\/\/1995251.cpsw-fcsei.com\/Voyage_Paradis\/services\/\" style=\"border-radius:30px\">nos Services<\/a><\/div>\n\n\n\n<div class=\"wp-block-button is-style-outline bouton has-libre-caslon-text-font-family is-style-outline--1\"><a class=\"wp-block-button__link wp-element-button\" href=\"https:\/\/1995251.cpsw-fcsei.com\/Voyage_Paradis\/#infolettre\" style=\"border-radius:30px\">infolettre<\/a><\/div>\n<\/div>\n<\/div>\n\n\n\n<div class=\"wp-block-column is-vertically-aligned-center is-layout-flow wp-block-column-is-layout-flow\" style=\"flex-basis:50%\">\n<figure class=\"wp-block-image size-full is-resized is-style-rounded wp-duotone-unset-3 is-style-rounded--2\"><img loading=\"lazy\" decoding=\"async\" width=\"2000\" height=\"500\" src=\"https:\/\/1995251.cpsw-fcsei.com\/Voyage_Paradis\/wp-content\/uploads\/2024\/04\/background_header.jpg\" alt=\"\" class=\"wp-image-15\" style=\"aspect-ratio:4\/3;object-fit:cover;width:588px;height:auto\"\/><\/figure>\n<\/div>\n<\/div>\n<\/div>\n\n\n\n<div class=\"wp-block-group alignfull has-base-2-color has-contrast-2-background-color has-text-color has-background has-link-color has-heading-font-family wp-elements-1fc34a2520d0833c86a2803eaaea24fc is-vertical is-content-justification-center is-layout-flex wp-container-core-group-is-layout-fc086f41 wp-block-group-is-layout-flex\" id=\"services\" style=\"margin-top:0;margin-bottom:0;padding-top:var(--wp--preset--spacing--20)\">\n<h2 class=\"wp-block-heading has-libre-caslon-text-font-family has-xx-large-font-size\">Services<\/h2>\n\n\n<ul style=\"padding-right:0;padding-left:0;margin-right:var(--wp--preset--spacing--60);margin-left:var(--wp--preset--spacing--60);\" class=\"wp-block-latest-posts__list is-grid columns-3 has-dates has-author has-link-color wp-elements-4ba0cf8300838b2da1c0daed00b41c08 wp-block-latest-posts has-text-color has-base-2-color has-small-font-size has-oxanium-font-family\"><li><div class=\"wp-block-latest-posts__featured-image\"><a href=\"https:\/\/1995251.cpsw-fcsei.com\/Voyage_Paradis\/voyager-au-maroc-a-la-decouverte-des-jardins-marocains\/\" aria-label=\"Voyager au Maroc: \u00c0 la d\u00e9couverte des jardins marocains\"><img loading=\"lazy\" decoding=\"async\" width=\"1024\" height=\"683\" src=\"https:\/\/1995251.cpsw-fcsei.com\/Voyage_Paradis\/wp-content\/uploads\/2024\/04\/danai-tsoutreli-J2hRgFLEiJc-unsplash-1024x683.jpg\" class=\"attachment-large size-large wp-post-image\" alt=\"\" style=\"\" srcset=\"https:\/\/1995251.cpsw-fcsei.com\/Voyage_Paradis\/wp-content\/uploads\/2024\/04\/danai-tsoutreli-J2hRgFLEiJc-unsplash-1024x683.jpg 1024w, https:\/\/1995251.cpsw-fcsei.com\/Voyage_Paradis\/wp-content\/uploads\/2024\/04\/danai-tsoutreli-J2hRgFLEiJc-unsplash-300x200.jpg 300w, https:\/\/1995251.cpsw-fcsei.com\/Voyage_Paradis\/wp-content\/uploads\/2024\/04\/danai-tsoutreli-J2hRgFLEiJc-unsplash-768x512.jpg 768w, https:\/\/1995251.cpsw-fcsei.com\/Voyage_Paradis\/wp-content\/uploads\/2024\/04\/danai-tsoutreli-J2hRgFLEiJc-unsplash-1536x1024.jpg 1536w, https:\/\/1995251.cpsw-fcsei.com\/Voyage_Paradis\/wp-content\/uploads\/2024\/04\/danai-tsoutreli-J2hRgFLEiJc-unsplash.jpg 1920w\" sizes=\"auto, (max-width: 1024px) 100vw, 1024px\" \/><\/a><\/div><a class=\"wp-block-latest-posts__post-title\" href=\"https:\/\/1995251.cpsw-fcsei.com\/Voyage_Paradis\/voyager-au-maroc-a-la-decouverte-des-jardins-marocains\/\">Voyager au Maroc: \u00c0 la d\u00e9couverte des jardins marocains<\/a><div class=\"wp-block-latest-posts__post-author\">by Admin<\/div><time datetime=\"2024-04-29T11:11:44-04:00\" class=\"wp-block-latest-posts__post-date\">April 29, 2024<\/time><div class=\"wp-block-latest-posts__post-excerpt\">Le Maroc et ses jardins hauts en couleur. Le maroc et ses beaut\u00e9s. Les jardins exotiques de Rabat Pour une reconnexion \u00e0 la nature, pour\u2026 <a class=\"wp-block-latest-posts__read-more\" href=\"https:\/\/1995251.cpsw-fcsei.com\/Voyage_Paradis\/voyager-au-maroc-a-la-decouverte-des-jardins-marocains\/\" rel=\"noopener noreferrer\">Read more<span class=\"screen-reader-text\">: Voyager au Maroc: \u00c0 la d\u00e9couverte des jardins marocains<\/span><\/a><\/div><\/li>\n<li><div class=\"wp-block-latest-posts__featured-image\"><a href=\"https:\/\/1995251.cpsw-fcsei.com\/Voyage_Paradis\/4-jours-a-shanghai-une-aventure-dans-une-metropole-chinoise-dynamique\/\" aria-label=\"4 jours \u00e0 Shanghai: Une aventure dans une m\u00e9tropole chinoise dynamique\"><img loading=\"lazy\" decoding=\"async\" width=\"1024\" height=\"683\" src=\"https:\/\/1995251.cpsw-fcsei.com\/Voyage_Paradis\/wp-content\/uploads\/2024\/04\/edward-he-uKyzXEc2k_s-unsplash-1024x683.jpg\" class=\"attachment-large size-large wp-post-image\" alt=\"\" style=\"\" srcset=\"https:\/\/1995251.cpsw-fcsei.com\/Voyage_Paradis\/wp-content\/uploads\/2024\/04\/edward-he-uKyzXEc2k_s-unsplash-1024x683.jpg 1024w, https:\/\/1995251.cpsw-fcsei.com\/Voyage_Paradis\/wp-content\/uploads\/2024\/04\/edward-he-uKyzXEc2k_s-unsplash-300x200.jpg 300w, https:\/\/1995251.cpsw-fcsei.com\/Voyage_Paradis\/wp-content\/uploads\/2024\/04\/edward-he-uKyzXEc2k_s-unsplash-768x512.jpg 768w, https:\/\/1995251.cpsw-fcsei.com\/Voyage_Paradis\/wp-content\/uploads\/2024\/04\/edward-he-uKyzXEc2k_s-unsplash-1536x1024.jpg 1536w, https:\/\/1995251.cpsw-fcsei.com\/Voyage_Paradis\/wp-content\/uploads\/2024\/04\/edward-he-uKyzXEc2k_s-unsplash.jpg 1920w\" sizes=\"auto, (max-width: 1024px) 100vw, 1024px\" \/><\/a><\/div><a class=\"wp-block-latest-posts__post-title\" href=\"https:\/\/1995251.cpsw-fcsei.com\/Voyage_Paradis\/4-jours-a-shanghai-une-aventure-dans-une-metropole-chinoise-dynamique\/\">4 jours \u00e0 Shanghai: Une aventure dans une m\u00e9tropole chinoise dynamique<\/a><div class=\"wp-block-latest-posts__post-author\">by auteur2<\/div><time datetime=\"2024-04-29T10:34:59-04:00\" class=\"wp-block-latest-posts__post-date\">April 29, 2024<\/time><div class=\"wp-block-latest-posts__post-excerpt\">Nous sommes arriv\u00e9s \u00e0&nbsp;Shanghai&nbsp;depuis&nbsp;P\u00e9kin&nbsp;et les diff\u00e9rences entre les villes ne pourraient pas \u00eatre plus grandes. Nous avons pass\u00e9 4 jours \u00e0 Shanghai et, pour nous,\u2026 <a class=\"wp-block-latest-posts__read-more\" href=\"https:\/\/1995251.cpsw-fcsei.com\/Voyage_Paradis\/4-jours-a-shanghai-une-aventure-dans-une-metropole-chinoise-dynamique\/\" rel=\"noopener noreferrer\">Read more<span class=\"screen-reader-text\">: 4 jours \u00e0 Shanghai: Une aventure dans une m\u00e9tropole chinoise dynamique<\/span><\/a><\/div><\/li>\n<li><div class=\"wp-block-latest-posts__featured-image\"><a href=\"https:\/\/1995251.cpsw-fcsei.com\/Voyage_Paradis\/trois-raisons-de-planifier-une-escapade-le-week-end-de-printemps-a-toronto\/\" aria-label=\"Trois raisons de planifier une escapade le week-end de printemps \u00e0 Toronto\"><img loading=\"lazy\" decoding=\"async\" width=\"1024\" height=\"686\" src=\"https:\/\/1995251.cpsw-fcsei.com\/Voyage_Paradis\/wp-content\/uploads\/2024\/04\/rachael-annabelle-XeYmx-qBsUk-unsplash-1024x686.jpg\" class=\"attachment-large size-large wp-post-image\" alt=\"\" style=\"\" srcset=\"https:\/\/1995251.cpsw-fcsei.com\/Voyage_Paradis\/wp-content\/uploads\/2024\/04\/rachael-annabelle-XeYmx-qBsUk-unsplash-1024x686.jpg 1024w, https:\/\/1995251.cpsw-fcsei.com\/Voyage_Paradis\/wp-content\/uploads\/2024\/04\/rachael-annabelle-XeYmx-qBsUk-unsplash-300x201.jpg 300w, https:\/\/1995251.cpsw-fcsei.com\/Voyage_Paradis\/wp-content\/uploads\/2024\/04\/rachael-annabelle-XeYmx-qBsUk-unsplash-768x515.jpg 768w, https:\/\/1995251.cpsw-fcsei.com\/Voyage_Paradis\/wp-content\/uploads\/2024\/04\/rachael-annabelle-XeYmx-qBsUk-unsplash-1536x1029.jpg 1536w, https:\/\/1995251.cpsw-fcsei.com\/Voyage_Paradis\/wp-content\/uploads\/2024\/04\/rachael-annabelle-XeYmx-qBsUk-unsplash-2048x1372.jpg 2048w\" sizes=\"auto, (max-width: 1024px) 100vw, 1024px\" \/><\/a><\/div><a class=\"wp-block-latest-posts__post-title\" href=\"https:\/\/1995251.cpsw-fcsei.com\/Voyage_Paradis\/trois-raisons-de-planifier-une-escapade-le-week-end-de-printemps-a-toronto\/\">Trois raisons de planifier une escapade le week-end de printemps \u00e0 Toronto<\/a><div class=\"wp-block-latest-posts__post-author\">by auteur1<\/div><time datetime=\"2024-04-26T20:45:07-04:00\" class=\"wp-block-latest-posts__post-date\">April 26, 2024<\/time><div class=\"wp-block-latest-posts__post-excerpt\">Avec un temps doux, moins de monde et des attractions et \u00e9v\u00e9nements uniques en leur genre, le printemps est une bonne p\u00e9riode pour passer des\u2026 <a class=\"wp-block-latest-posts__read-more\" href=\"https:\/\/1995251.cpsw-fcsei.com\/Voyage_Paradis\/trois-raisons-de-planifier-une-escapade-le-week-end-de-printemps-a-toronto\/\" rel=\"noopener noreferrer\">Read more<span class=\"screen-reader-text\">: Trois raisons de planifier une escapade le week-end de printemps \u00e0 Toronto<\/span><\/a><\/div><\/li>\n<\/ul><\/div>\n\n\n\n<div class=\"wp-block-group alignfull has-contrast-3-background-color has-background has-global-padding is-layout-constrained wp-block-group-is-layout-constrained\" id=\"equipements\">\n<h2 class=\"wp-block-heading has-text-align-center has-libre-caslon-text-font-family has-xx-large-font-size\" style=\"margin-top:0;margin-right:0;margin-bottom:0;margin-left:0;padding-top:var(--wp--preset--spacing--10);padding-bottom:0\">\u00c9quipements<\/h2>\n\n\n\n<div class=\"wp-block-query alignwide is-layout-flow wp-block-query-is-layout-flow\">\n<div class=\"wp-block-group is-layout-flow wp-block-group-is-layout-flow\" style=\"margin-top:0;margin-bottom:0;padding-top:var(--wp--preset--spacing--50);padding-right:0;padding-bottom:var(--wp--preset--spacing--50);padding-left:0\"><ul class=\"columns-3 alignfull wp-block-post-template is-layout-grid wp-container-core-post-template-is-layout-10753265 wp-block-post-template-is-layout-grid\"><li class=\"wp-block-post post-514 equipement type-equipement status-publish has-post-thumbnail hentry equipement-accessoires\">\n<figure style=\"aspect-ratio:3\/4;width:250px;height:300px; padding-bottom:var(--wp--preset--spacing--20);margin-bottom:0;\" class=\"wp-block-post-featured-image\"><a href=\"https:\/\/1995251.cpsw-fcsei.com\/Voyage_Paradis\/equipement\/sac-a-dos\/\" target=\"_self\"  style=\"height:300px\"><img loading=\"lazy\" decoding=\"async\" width=\"1024\" height=\"1024\" src=\"https:\/\/1995251.cpsw-fcsei.com\/Voyage_Paradis\/wp-content\/uploads\/2024\/05\/Eagle-Creek-40l-1024x1024-1.jpg\" class=\"attachment-post-thumbnail size-post-thumbnail wp-post-image\" alt=\"Sac \u00e0 dos\" style=\"width:100%;height:100%;object-fit:contain;\" srcset=\"https:\/\/1995251.cpsw-fcsei.com\/Voyage_Paradis\/wp-content\/uploads\/2024\/05\/Eagle-Creek-40l-1024x1024-1.jpg 1024w, https:\/\/1995251.cpsw-fcsei.com\/Voyage_Paradis\/wp-content\/uploads\/2024\/05\/Eagle-Creek-40l-1024x1024-1-300x300.jpg 300w, https:\/\/1995251.cpsw-fcsei.com\/Voyage_Paradis\/wp-content\/uploads\/2024\/05\/Eagle-Creek-40l-1024x1024-1-150x150.jpg 150w, https:\/\/1995251.cpsw-fcsei.com\/Voyage_Paradis\/wp-content\/uploads\/2024\/05\/Eagle-Creek-40l-1024x1024-1-768x768.jpg 768w\" sizes=\"auto, (max-width: 1024px) 100vw, 1024px\" \/><\/a><\/figure>\n\n\n<div class=\"wp-block-group is-vertical is-content-justification-left is-nowrap is-layout-flex wp-container-core-group-is-layout-6b428dd2 wp-block-group-is-layout-flex\" style=\"margin-top:var(--wp--preset--spacing--20);padding-top:0\"><h2 class=\"wp-block-post-title has-large-font-size has-oxanium-font-family wp-container-content-32e3a40d\"><a href=\"https:\/\/1995251.cpsw-fcsei.com\/Voyage_Paradis\/equipement\/sac-a-dos\/\" target=\"_self\" >Sac \u00e0 dos<\/a><\/h2><\/div>\n\n<\/li><li class=\"wp-block-post post-513 equipement type-equipement status-publish has-post-thumbnail hentry equipement-souliers\">\n<figure style=\"aspect-ratio:3\/4;width:250px;height:300px; padding-bottom:var(--wp--preset--spacing--20);margin-bottom:0;\" class=\"wp-block-post-featured-image\"><a href=\"https:\/\/1995251.cpsw-fcsei.com\/Voyage_Paradis\/equipement\/chaussures-kaptir-3-0\/\" target=\"_self\"  style=\"height:300px\"><img loading=\"lazy\" decoding=\"async\" width=\"1940\" height=\"900\" src=\"https:\/\/1995251.cpsw-fcsei.com\/Voyage_Paradis\/wp-content\/uploads\/2024\/05\/6112z7pe7oL._AC_UY900_.jpg\" class=\"attachment-post-thumbnail size-post-thumbnail wp-post-image\" alt=\"Chaussures kaptir 3.0\" style=\"width:100%;height:100%;object-fit:contain;\" srcset=\"https:\/\/1995251.cpsw-fcsei.com\/Voyage_Paradis\/wp-content\/uploads\/2024\/05\/6112z7pe7oL._AC_UY900_.jpg 1940w, https:\/\/1995251.cpsw-fcsei.com\/Voyage_Paradis\/wp-content\/uploads\/2024\/05\/6112z7pe7oL._AC_UY900_-300x139.jpg 300w, https:\/\/1995251.cpsw-fcsei.com\/Voyage_Paradis\/wp-content\/uploads\/2024\/05\/6112z7pe7oL._AC_UY900_-1024x475.jpg 1024w, https:\/\/1995251.cpsw-fcsei.com\/Voyage_Paradis\/wp-content\/uploads\/2024\/05\/6112z7pe7oL._AC_UY900_-768x356.jpg 768w, https:\/\/1995251.cpsw-fcsei.com\/Voyage_Paradis\/wp-content\/uploads\/2024\/05\/6112z7pe7oL._AC_UY900_-1536x713.jpg 1536w\" sizes=\"auto, (max-width: 1940px) 100vw, 1940px\" \/><\/a><\/figure>\n\n\n<div class=\"wp-block-group is-vertical is-content-justification-left is-nowrap is-layout-flex wp-container-core-group-is-layout-6b428dd2 wp-block-group-is-layout-flex\" style=\"margin-top:var(--wp--preset--spacing--20);padding-top:0\"><h2 class=\"wp-block-post-title has-large-font-size has-oxanium-font-family wp-container-content-32e3a40d\"><a href=\"https:\/\/1995251.cpsw-fcsei.com\/Voyage_Paradis\/equipement\/chaussures-kaptir-3-0\/\" target=\"_self\" >Chaussures kaptir 3.0<\/a><\/h2><\/div>\n\n<\/li><li class=\"wp-block-post post-509 equipement type-equipement status-publish has-post-thumbnail hentry equipement-vetements\">\n<figure style=\"aspect-ratio:3\/4;width:250px;height:300px; padding-bottom:var(--wp--preset--spacing--20);margin-bottom:0;\" class=\"wp-block-post-featured-image\"><a href=\"https:\/\/1995251.cpsw-fcsei.com\/Voyage_Paradis\/equipement\/chandail-american-eagle\/\" target=\"_self\"  style=\"height:300px\"><img loading=\"lazy\" decoding=\"async\" width=\"198\" height=\"254\" src=\"https:\/\/1995251.cpsw-fcsei.com\/Voyage_Paradis\/wp-content\/uploads\/2024\/05\/images-1.jpg\" class=\"attachment-post-thumbnail size-post-thumbnail wp-post-image\" alt=\"Chandail American Eagle\" style=\"width:100%;height:100%;object-fit:contain;\" \/><\/a><\/figure>\n\n\n<div class=\"wp-block-group is-vertical is-content-justification-left is-nowrap is-layout-flex wp-container-core-group-is-layout-6b428dd2 wp-block-group-is-layout-flex\" style=\"margin-top:var(--wp--preset--spacing--20);padding-top:0\"><h2 class=\"wp-block-post-title has-large-font-size has-oxanium-font-family wp-container-content-32e3a40d\"><a href=\"https:\/\/1995251.cpsw-fcsei.com\/Voyage_Paradis\/equipement\/chandail-american-eagle\/\" target=\"_self\" >Chandail American Eagle<\/a><\/h2><\/div>\n\n<\/li><\/ul>\n\n\n<div style=\"margin-top:0;margin-bottom:0;height:var(--wp--preset--spacing--40)\" aria-hidden=\"true\" class=\"wp-block-spacer\"><\/div>\n\n\n<\/div>\n<\/div>\n<\/div>\n\n\n\n<div class=\"wp-block-group alignfull has-background is-vertical is-content-justification-center is-layout-flex wp-container-core-group-is-layout-36a39fb6 wp-block-group-is-layout-flex\" id=\"infolettre\" style=\"background:linear-gradient(178deg,#466577 0%,#EBEBEF 100%);min-height:25.7rem;margin-top:0;margin-bottom:0;padding-top:var(--wp--preset--spacing--50);padding-right:0;padding-bottom:0;padding-left:0;background-image:url(&apos;https:\/\/1995251.cpsw-fcsei.com\/Voyage_Paradis\/wp-content\/uploads\/2024\/04\/Equipe.jpg&apos;);background-position:50% 37%;background-size:cover;\">\n<h2 class=\"wp-block-heading has-libre-caslon-text-font-family has-x-large-font-size\"><strong>Joignez-vous \u00e0 nous<\/strong><\/h2>\n\n\n\n<div class=\"wp-block-group has-global-padding is-layout-constrained wp-block-group-is-layout-constrained\">\n<p class=\"has-text-align-center has-contrast-color has-text-color has-link-color has-oxanium-font-family has-medium-font-size wp-elements-5519a6e53de38fb03362c0af14116eb2\" style=\"font-style:normal;font-weight:500\">Pour rester \u00e0 l&#8217;aff\u00fbt des derni\u00e8res destinations voyages les plus passionnantes.<\/p>\n\n\n\n<div class=\"wp-block-buttons is-content-justification-center is-layout-flex wp-container-core-buttons-is-layout-a89b3969 wp-block-buttons-is-layout-flex\">\n<div class=\"wp-block-button bouton\"><a class=\"wp-block-button__link wp-element-button\" style=\"border-radius:30px\">S&#8217;abonner<\/a><\/div>\n<\/div>\n<\/div>\n<\/div>\n<h3>Aujourdhui, on est le 29 April 2026<\/h3>","protected":false},"excerpt":{"rendered":"<p>Am\u00e9liorer votre exp\u00e9rience de voyage avec Voyage Paradis Services \u00c9quipements Aujourdhui, on est le 29 April 2026<\/p>\n","protected":false},"author":1,"featured_media":0,"parent":0,"menu_order":0,"comment_status":"closed","ping_status":"closed","template":"","meta":{"_acf_changed":false,"footnotes":""},"class_list":["post-9","page","type-page","status-publish","hentry"],"acf":[],"_links":{"self":[{"href":"https:\/\/1995251.cpsw-fcsei.com\/Voyage_Paradis\/wp-json\/wp\/v2\/pages\/9","targetHints":{"allow":["GET"]}}],"collection":[{"href":"https:\/\/1995251.cpsw-fcsei.com\/Voyage_Paradis\/wp-json\/wp\/v2\/pages"}],"about":[{"href":"https:\/\/1995251.cpsw-fcsei.com\/Voyage_Paradis\/wp-json\/wp\/v2\/types\/page"}],"author":[{"embeddable":true,"href":"https:\/\/1995251.cpsw-fcsei.com\/Voyage_Paradis\/wp-json\/wp\/v2\/users\/1"}],"replies":[{"embeddable":true,"href":"https:\/\/1995251.cpsw-fcsei.com\/Voyage_Paradis\/wp-json\/wp\/v2\/comments?post=9"}],"version-history":[{"count":61,"href":"https:\/\/1995251.cpsw-fcsei.com\/Voyage_Paradis\/wp-json\/wp\/v2\/pages\/9\/revisions"}],"predecessor-version":[{"id":518,"href":"https:\/\/1995251.cpsw-fcsei.com\/Voyage_Paradis\/wp-json\/wp\/v2\/pages\/9\/revisions\/518"}],"wp:attachment":[{"href":"https:\/\/1995251.cpsw-fcsei.com\/Voyage_Paradis\/wp-json\/wp\/v2\/media?parent=9"}],"curies":[{"name":"wp","href":"https:\/\/api.w.org\/{rel}","templated":true}]}}